{"id":8259,"date":"2025-11-06T07:21:57","date_gmt":"2025-11-06T07:21:57","guid":{"rendered":"https:\/\/passermoving.com\/?page_id=8259"},"modified":"2025-11-06T07:40:45","modified_gmt":"2025-11-06T07:40:45","slug":"politica-de-cookies","status":"publish","type":"page","link":"https:\/\/passermoving.com\/ca\/politica-de-cookies\/","title":{"rendered":"Pol\u00edtica de cookies"},"content":{"rendered":"<div data-elementor-type=\"wp-page\" data-elementor-id=\"8259\" class=\"elementor elementor-8259\" data-elementor-post-type=\"page\">\n\t\t\t\t\t\t<section class=\"elementor-section elementor-top-section elementor-element elementor-element-c8e484a elementor-section-full_width elementor-section-height-default elementor-section-height-default\" data-id=\"c8e484a\" data-element_type=\"section\" data-settings=\"{&quot;shape_divider_bottom&quot;:&quot;tilt&quot;}\">\n\t\t\t\t\t<div class=\"elementor-shape elementor-shape-bottom\" aria-hidden=\"true\" data-negative=\"false\">\n\t\t\t<svg xmlns=\"http:\/\/www.w3.org\/2000\/svg\" viewbox=\"0 0 1000 100\" preserveaspectratio=\"none\">\n\t<path class=\"elementor-shape-fill\" d=\"M0,6V0h1000v100L0,6z\"\/>\n<\/svg>\t\t<\/div>\n\t\t\t\t\t<div class=\"elementor-container elementor-column-gap-no\">\n\t\t\t\t\t<div class=\"elementor-column elementor-col-100 elementor-top-column elementor-element elementor-element-130b402\" data-id=\"130b402\" data-element_type=\"column\" data-settings=\"{&quot;background_background&quot;:&quot;classic&quot;}\">\n\t\t\t<div class=\"elementor-widget-wrap elementor-element-populated\">\n\t\t\t\t\t<div class=\"elementor-background-overlay\"><\/div>\n\t\t\t\t\t\t<div class=\"elementor-element elementor-element-0235abb elementor-widget elementor-widget-heading\" data-id=\"0235abb\" data-element_type=\"widget\" data-widget_type=\"heading.default\">\n\t\t\t\t<div class=\"elementor-widget-container\">\n\t\t\t\t\t<h1 class=\"elementor-heading-title elementor-size-default\">PRIVACITAT<\/h1>\t\t\t\t<\/div>\n\t\t\t\t<\/div>\n\t\t\t\t<div class=\"elementor-element elementor-element-0535bea elementor-icon-list--layout-inline elementor-align-center elementor-list-item-link-full_width elementor-widget elementor-widget-icon-list\" data-id=\"0535bea\" data-element_type=\"widget\" data-widget_type=\"icon-list.default\">\n\t\t\t\t<div class=\"elementor-widget-container\">\n\t\t\t\t\t\t\t<ul class=\"elementor-icon-list-items elementor-inline-items\">\n\t\t\t\t\t\t\t<li class=\"elementor-icon-list-item elementor-inline-item\">\n\t\t\t\t\t\t\t\t\t\t<span class=\"elementor-icon-list-text\">Cl\u00e0usules legals<\/span>\n\t\t\t\t\t\t\t\t\t<\/li>\n\t\t\t\t\t\t\t\t<li class=\"elementor-icon-list-item elementor-inline-item\">\n\t\t\t\t\t\t\t\t\t\t<span class=\"elementor-icon-list-text\">Cookies<\/span>\n\t\t\t\t\t\t\t\t\t<\/li>\n\t\t\t\t\t\t\t\t<li class=\"elementor-icon-list-item elementor-inline-item\">\n\t\t\t\t\t\t\t\t\t\t<span class=\"elementor-icon-list-text\">Av\u00eds legal<\/span>\n\t\t\t\t\t\t\t\t\t<\/li>\n\t\t\t\t\t\t<\/ul>\n\t\t\t\t\t\t<\/div>\n\t\t\t\t<\/div>\n\t\t\t\t\t<\/div>\n\t\t<\/div>\n\t\t\t\t\t<\/div>\n\t\t<\/section>\n\t\t\t\t<section class=\"elementor-section elementor-top-section elementor-element elementor-element-3d6c46d elementor-section-boxed elementor-section-height-default elementor-section-height-default\" data-id=\"3d6c46d\" data-element_type=\"section\">\n\t\t\t\t\t\t<div class=\"elementor-container elementor-column-gap-default\">\n\t\t\t\t\t<div class=\"elementor-column elementor-col-100 elementor-top-column elementor-element elementor-element-c9e26e0\" data-id=\"c9e26e0\" data-element_type=\"column\">\n\t\t\t<div class=\"elementor-widget-wrap elementor-element-populated\">\n\t\t\t\t\t\t<div class=\"elementor-element elementor-element-4147253 elementor-widget elementor-widget-menu-anchor\" data-id=\"4147253\" data-element_type=\"widget\" data-widget_type=\"menu-anchor.default\">\n\t\t\t\t<div class=\"elementor-widget-container\">\n\t\t\t\t\t\t\t<div class=\"elementor-menu-anchor\" id=\"Privacidad\"><\/div>\n\t\t\t\t\t\t<\/div>\n\t\t\t\t<\/div>\n\t\t\t\t<div class=\"elementor-element elementor-element-61fd35e elementor-widget-divider--view-line_text elementor-widget-divider--element-align-center elementor-widget elementor-widget-divider\" data-id=\"61fd35e\" data-element_type=\"widget\" data-widget_type=\"divider.default\">\n\t\t\t\t<div class=\"elementor-widget-container\">\n\t\t\t\t\t\t\t<div class=\"elementor-divider\">\n\t\t\t<span class=\"elementor-divider-separator\">\n\t\t\t\t\t\t\t<span class=\"elementor-divider__text elementor-divider__element\">\n\t\t\t\tPOL\u00cdTICA DE COOKIES\t\t\t\t<\/span>\n\t\t\t\t\t\t<\/span>\n\t\t<\/div>\n\t\t\t\t\t\t<\/div>\n\t\t\t\t<\/div>\n\t\t\t\t<div class=\"elementor-element elementor-element-4d0a1fa elementor-widget elementor-widget-text-editor\" data-id=\"4d0a1fa\" data-element_type=\"widget\" data-widget_type=\"text-editor.default\">\n\t\t\t\t<div class=\"elementor-widget-container\">\n\t\t\t\t\t\t\t\t\t<h3 data-start=\"457\" data-end=\"489\"><strong data-start=\"461\" data-end=\"489\">4.3. POL\u00cdTICA DE COOKIES<\/strong><\/h3><p data-start=\"491\" data-end=\"664\">PASSER MOVERS SL haur\u00e0 de facilitar als usuaris informaci\u00f3 clara i completa sobre la utilitzaci\u00f3 de cookies i, en particular, sobre les finalitats del tractament de les dades.<\/p><p data-start=\"666\" data-end=\"748\">A la pol\u00edtica de cookies s&#039;haur\u00e0 de facilitar a l&#039;usuari la informaci\u00f3 seg\u00fcent:<\/p><ul data-start=\"750\" data-end=\"1323\"><li data-start=\"750\" data-end=\"799\"><p data-start=\"752\" data-end=\"799\">Definici\u00f3 i funci\u00f3 gen\u00e8rica de les galetes.<\/p><\/li><li data-start=\"800\" data-end=\"872\"><p data-start=\"802\" data-end=\"872\">Informaci\u00f3 sobre el tipus de galetes que s&#039;utilitzen i la seva finalitat.<\/p><\/li><li data-start=\"873\" data-end=\"921\"><p data-start=\"875\" data-end=\"921\">Identificaci\u00f3 de qui utilitza les galetes.<\/p><\/li><li data-start=\"922\" data-end=\"1024\"><p data-start=\"924\" data-end=\"1024\">Informaci\u00f3 sobre com acceptar, denegar o revocar el consentiment per a l&#039;\u00fas de cookies.<\/p><\/li><li data-start=\"1025\" data-end=\"1130\"><p data-start=\"1027\" data-end=\"1130\">Si escau, informaci\u00f3 sobre les transfer\u00e8ncies de dades a tercers pa\u00efsos realitzades per l&#039;editor.<\/p><\/li><li data-start=\"1131\" data-end=\"1206\"><p data-start=\"1133\" data-end=\"1206\">En cas que sigui oport\u00fa, cal informar sobre l&#039;elaboraci\u00f3 de perfils.<\/p><\/li><li data-start=\"1207\" data-end=\"1323\"><p data-start=\"1209\" data-end=\"1323\">Per\u00edode de conservaci\u00f3 de les dades personals o criteris utilitzats per determinar el termini de conservaci\u00f3.<\/p><\/li><\/ul><p data-start=\"1325\" data-end=\"1457\">Tot seguit PASSER MOVERS SL, estableix la pol\u00edtica de cookies la qual haur\u00e0 d&#039;estar accessible per als usuaris de la p\u00e0gina web:<\/p><hr data-start=\"1459\" data-end=\"1462\" \/><h3 data-start=\"1464\" data-end=\"1491\"><strong data-start=\"1468\" data-end=\"1491\">POL\u00cdTICA DE COOKIES<\/strong><\/h3><p data-start=\"1493\" data-end=\"1771\">Conformement al que disposa l&#039;article 22.2 de la Llei 34\/2002, d&#039;11 de juliol, de Serveis de la Societat de la Informaci\u00f3 i de Comer\u00e7 Electr\u00f2nic (LSSI-CE) vigent, PASSER MOVERS SL ha de complir amb l&#039;obligaci\u00f3 d&#039;informar sobre les cookies que utilitza i les seves finalitats.<\/p><p data-start=\"1773\" data-end=\"2167\">Aquest lloc web utilitza galetes i\/o tecnologies similars que emmagatzemen i recuperen informaci\u00f3 quan navegues. Les galetes permeten a una p\u00e0gina web, entre altres coses, emmagatzemar i recuperar informaci\u00f3 sobre els h\u00e0bits de navegaci\u00f3 d&#039;un Usuari o del seu equip i, depenent de la informaci\u00f3 que contingui i de la manera com utilitzi el seu equip, es poden utilitzar per recon\u00e8ixer l&#039;Usuari.<\/p><p data-start=\"2169\" data-end=\"2375\">Les cookies s\u00f3n essencials per al funcionament d&#039;internet, aportant innombrables avantatges en la prestaci\u00f3 de serveis interactius, facilitant a l&#039;usuari la navegaci\u00f3 i la usabilitat de la nostra web.<\/p><p data-start=\"2377\" data-end=\"2444\">L&#039;usuari pot modificar la configuraci\u00f3 personalitzada <strong data-start=\"2435\" data-end=\"2443\">AQU\u00cd<\/strong>.<\/p><p data-start=\"2446\" data-end=\"2554\">La informaci\u00f3 que us proporcionem a continuaci\u00f3 us ajudar\u00e0 a comprendre els diferents tipus de cookies:<\/p><hr data-start=\"2556\" data-end=\"2559\" \/><h4 data-start=\"2561\" data-end=\"2586\"><strong data-start=\"2566\" data-end=\"2586\">TIPUS DE COOKIES<\/strong><\/h4><div class=\"_tableContainer_1rjym_1\"><div class=\"group _tableWrapper_1rjym_13 flex w-fit flex-col-reverse\" tabindex=\"-1\"><table class=\"w-fit min-w-(--thread-content-width)\" data-start=\"2588\" data-end=\"3101\"><thead data-start=\"2588\" data-end=\"2627\"><tr data-start=\"2588\" data-end=\"2627\"><th data-start=\"2588\" data-end=\"2624\" data-col-size=\"sm\">SEGONS L&#039;ENTITAT QUE LES GESTIONEU<\/th><th data-start=\"2624\" data-end=\"2627\" data-col-size=\"xl\">\u00a0<\/th><\/tr><\/thead><tbody data-start=\"2670\" data-end=\"3101\"><tr data-start=\"2670\" data-end=\"2875\"><td data-start=\"2670\" data-end=\"2692\" data-col-size=\"sm\"><strong data-start=\"2672\" data-end=\"2691\">COOKIES PR\u00d2PIES<\/strong><\/td><td data-col-size=\"xl\" data-start=\"2692\" data-end=\"2875\">S\u00f3n les que s&#039;envien a l&#039;equip terminal de l&#039;usuari des d&#039;un equip o domini gestionat pel mateix editor i des del qual es presta el servei sol\u00b7licitat per l&#039;usuari.<\/td><\/tr><tr data-start=\"2876\" data-end=\"3101\"><td data-start=\"2876\" data-end=\"2901\" data-col-size=\"sm\"><strong data-start=\"2878\" data-end=\"2900\">COOKIES DE TERCER<\/strong><\/td><td data-col-size=\"xl\" data-start=\"2901\" data-end=\"3101\">S\u00f3n aquelles que s&#039;envien a l&#039;equip terminal de l&#039;usuari des d&#039;un equip o domini que no \u00e9s gestionat per l&#039;editor, sin\u00f3 per una altra entitat que tracta les dades obtingudes a trav\u00e9s de les galetes.<\/td><\/tr><\/tbody><\/table><\/div><\/div><div class=\"_tableContainer_1rjym_1\"><div class=\"group _tableWrapper_1rjym_13 flex w-fit flex-col-reverse\" tabindex=\"-1\"><table class=\"w-fit min-w-(--thread-content-width)\" data-start=\"3103\" data-end=\"3537\"><thead data-start=\"3103\" data-end=\"3159\"><tr data-start=\"3103\" data-end=\"3159\"><th data-start=\"3103\" data-end=\"3156\" data-col-size=\"md\">SEGONS EL TERMINI DE TEMPS QUE ROMANDEN ACTIVADES<\/th><th data-start=\"3156\" data-end=\"3159\" data-col-size=\"lg\">\u00a0<\/th><\/tr><\/thead><tbody data-start=\"3219\" data-end=\"3537\"><tr data-start=\"3219\" data-end=\"3367\"><td data-start=\"3219\" data-end=\"3243\" data-col-size=\"md\"><strong data-start=\"3221\" data-end=\"3242\">COOKIES DE SESSI\u00d3<\/strong><\/td><td data-col-size=\"lg\" data-start=\"3243\" data-end=\"3367\">Dissenyades per demanar i emmagatzemar dades mentre l&#039;usuari accedeix a una p\u00e0gina web. Desapareixen en acabar la sessi\u00f3.<\/td><\/tr><tr data-start=\"3368\" data-end=\"3537\"><td data-start=\"3368\" data-end=\"3395\" data-col-size=\"md\"><strong data-start=\"3370\" data-end=\"3394\">COOKIES PERSISTENTS<\/strong><\/td><td data-col-size=\"lg\" data-start=\"3395\" data-end=\"3537\">Les dades segueixen emmagatzemades al terminal i poden ser accedides i tractades durant un per\u00edode definit pel responsable de la galeta.<\/td><\/tr><\/tbody><\/table><\/div><\/div><div class=\"_tableContainer_1rjym_1\"><div class=\"group _tableWrapper_1rjym_13 flex w-fit flex-col-reverse\" tabindex=\"-1\"><table class=\"w-fit min-w-(--thread-content-width)\" data-start=\"3539\" data-end=\"4216\"><thead data-start=\"3539\" data-end=\"3563\"><tr data-start=\"3539\" data-end=\"3563\"><th data-start=\"3539\" data-end=\"3560\" data-col-size=\"sm\">SEGONS LA SEVA FINALITAT<\/th><th data-start=\"3560\" data-end=\"3563\" data-col-size=\"md\">\u00a0<\/th><\/tr><\/thead><tbody data-start=\"3592\" data-end=\"4216\"><tr data-start=\"3592\" data-end=\"3710\"><td data-start=\"3592\" data-end=\"3615\" data-col-size=\"sm\"><strong data-start=\"3594\" data-end=\"3614\">COOKIES T\u00c8CNIQUES<\/strong><\/td><td data-col-size=\"md\" data-start=\"3615\" data-end=\"3710\">Permeten la navegaci\u00f3 i l&#039;\u00fas de les diferents opcions o serveis que hi hagi.<\/td><\/tr><tr data-start=\"3711\" data-end=\"3833\"><td data-start=\"3711\" data-end=\"3744\" data-col-size=\"sm\"><strong data-start=\"3713\" data-end=\"3743\">COOKIES DE PERSONALITZACI\u00d3<\/strong><\/td><td data-col-size=\"md\" data-start=\"3744\" data-end=\"3833\">Permeten aplicar caracter\u00edstiques pr\u00f2pies per a la navegaci\u00f3 de lusuari (ex. idioma).<\/td><\/tr><tr data-start=\"3834\" data-end=\"3963\"><td data-start=\"3834\" data-end=\"3860\" data-col-size=\"sm\"><strong data-start=\"3836\" data-end=\"3859\">COOKIES D&#039;AN\u00c0LISI<\/strong><\/td><td data-start=\"3860\" data-end=\"3963\" data-col-size=\"md\">Permeten el seguiment i l&#039;an\u00e0lisi del comportament dels usuaris dels llocs web vinculats.<\/td><\/tr><tr data-start=\"3964\" data-end=\"4069\"><td data-start=\"3964\" data-end=\"3992\" data-col-size=\"sm\"><strong data-start=\"3966\" data-end=\"3991\">COOKIES PUBLICIT\u00c0RIES<\/strong><\/td><td data-col-size=\"md\" data-start=\"3992\" data-end=\"4069\">Permeten incloure espais publicitaris segons el contingut del lloc web.<\/td><\/tr><tr data-start=\"4070\" data-end=\"4216\"><td data-start=\"4070\" data-end=\"4113\" data-col-size=\"sm\"><strong data-start=\"4072\" data-end=\"4112\">COOKIES DE PUBLICITAT COMPORTAMENTAL<\/strong><\/td><td data-col-size=\"md\" data-start=\"4113\" data-end=\"4216\">Emmagatzemen informaci\u00f3 del comportament de lusuari per mostrar publicitat basada en els seus h\u00e0bits.<\/td><\/tr><\/tbody><\/table><\/div><\/div><hr data-start=\"4218\" data-end=\"4221\" \/><p data-start=\"4223\" data-end=\"4384\">PASSER MOVERS SL informa de manera m\u00e9s detallada de les cookies que utilitza, la seva titularitat, finalitat, conservaci\u00f3 i si hi ha transfer\u00e8ncies internacionals.<\/p><h4 data-start=\"4386\" data-end=\"4410\"><strong data-start=\"4391\" data-end=\"4410\">COOKIES PR\u00d2PIES<\/strong><\/h4><table><thead><tr><th>Tipus<\/th><th>Titular<\/th><th>Cookies incloses<\/th><th>Finalitat<\/th><th>Conservaci\u00f3<\/th><\/tr><\/thead><tbody><tr><td>T\u00e8cniques (WordPress)<\/td><td>passermoving.com<\/td><td><code>wordpress_test_cookie<\/code>, <code>wp-settings-*<\/code>, <code>wp-settings-time-*<\/code>, <code>wordpress_logged_in_*<\/code>, <code>wpEmojiSettingsSupports<\/code><\/td><td>Permeten el funcionament b\u00e0sic de la web, iniciar sessi\u00f3, recordar prefer\u00e8ncies de l&#039;usuari<\/td><td>Sessi\u00f3 \/ 1 any<\/td><\/tr><tr><td>Funcionals (Elementor + Elementor Pro)<\/td><td>passermoving.com<\/td><td><code>elementor<\/code>, <code>e_globals<\/code>, <code>e_kit-elements-defaults<\/code><\/td><td>Desen configuraci\u00f3 de l&#039;editor visual i la maquetaci\u00f3 frontend<\/td><td>Persistent<\/td><\/tr><tr><td>Seguretat (WP Cerber)<\/td><td>passermoving.com<\/td><td><code>cerber_groove<\/code>, <code>cerber_groove_x_*<\/code>, <code>wp_cerber_vtab_activeundefined<\/code><\/td><td>Protecci\u00f3 davant d&#039;atacs, intents de login i control de tr\u00e0nsit malici\u00f3s<\/td><td>1 any<\/td><\/tr><tr><td>Consentiment RGPD<\/td><td>passermoving.com<\/td><td><code>cookie_notice_accepted<\/code><\/td><td>Registra si l&#039;usuari va acceptar o rebutjar les galetes<\/td><td>1 mes<\/td><\/tr><\/tbody><\/table><h4 data-start=\"4660\" data-end=\"4688\"><strong data-start=\"4665\" data-end=\"4688\">COOKIES DE TERCERS<\/strong><\/h4><table><thead><tr><th>Tipus<\/th><th>Servei \/ Titular<\/th><th>Cookie<\/th><th>Finalitat<\/th><th>Conservaci\u00f3<\/th><\/tr><\/thead><tbody><tr><td>Anal\u00edtica<\/td><td>Google Analytics<\/td><td><code>_ga<\/code><\/td><td>Identifica l&#039;usuari i mesura l&#039;\u00fas del lloc web<\/td><td>2 anys<\/td><\/tr><tr><td>Anal\u00edtica<\/td><td>Google Analytics<\/td><td><code>_ga_D7H53CTY20<\/code><\/td><td>Mesura esdeveniments i navegaci\u00f3 espec\u00edfica del domini<\/td><td>2 anys<\/td><\/tr><tr><td>Publicitat \/ atribuci\u00f3<\/td><td>Google Ads \/ Attribution<\/td><td><code>uat-aid<\/code><\/td><td>Mesura conversions i campanyes publicit\u00e0ries<\/td><td>3 mesos<\/td><\/tr><tr><td>Anal\u00edtica avan\u00e7ada<\/td><td>Mixpanel<\/td><td><code>mp_*<\/code> (<code>mp_tab_id<\/code>, <code>mp_mixpanel<\/code>)<\/td><td>Analitza el comportament de l&#039;usuari i els esdeveniments de navegaci\u00f3<\/td><td>1 any<\/td><\/tr><tr><td>Seguretat<\/td><td>Google reCAPTCHA<\/td><td><code>_GRECAPTCHA<\/code> (no visible com a galeta est\u00e0ndard)<\/td><td>Prevenci\u00f3 de correu brossa i bots<\/td><td>Sessi\u00f3<\/td><\/tr><tr><td>Multim\u00e8dia<\/td><td>YouTube<\/td><td><code>VISITOR_INFO1_LIVE<\/code><\/td><td>Estima l&#039;amplada de banda de l&#039;usuari per a v\u00eddeos encastats<\/td><td>6 mesos<\/td><\/tr><tr><td>Multim\u00e8dia<\/td><td>YouTube<\/td><td><code>YSC<\/code><\/td><td>Mant\u00e9 estad\u00edstiques de v\u00eddeos vistos<\/td><td>Sessi\u00f3<\/td><\/tr><tr><td>Multim\u00e8dia<\/td><td>YouTube<\/td><td><code>PREF<\/code><\/td><td>Guarda prefer\u00e8ncies de l&#039;usuari en v\u00eddeos<\/td><td>8 mesos<\/td><\/tr><tr><td>Publicitat comportamental<\/td><td>Meta (Facebook \/ Instagram)<\/td><td><code>_fbp<\/code><\/td><td>Mesura visites per mostrar anuncis personalitzats<\/td><td>3 mesos<\/td><\/tr><tr><td>Publicitat comportamental<\/td><td>Meta<\/td><td><code>fr<\/code><\/td><td>Identifica usuari per a campanyes publicit\u00e0ries<\/td><td>3 mesos<\/td><\/tr><tr><td>Publicitat \/ An\u00e0lisi<\/td><td>LinkedIn Insight Tag<\/td><td><code>li_gc<\/code>, <code>bcookie<\/code><\/td><td>Anal\u00edtica de visites i conversi\u00f3 professional<\/td><td>2 anys<\/td><\/tr><tr><td>Comunicaci\u00f3<\/td><td>WhatsApp API<\/td><td>(no creeu galeta pr\u00f2pia fins fer clic)<\/td><td>Habilita el bot\u00f3 de contacte directe amb WhatsApp<\/td><td>Sessi\u00f3<\/td><\/tr><tr><td>Tipografia externa<\/td><td>Google Fonts<\/td><td>(no crea galeta, per\u00f2 implica transfer\u00e8ncia d&#039;IP a Google)<\/td><td>C\u00e0rrega de fonts externes per a la web<\/td><td>\u2014<\/td><\/tr><\/tbody><\/table><p data-start=\"4938\" data-end=\"5046\">Podeu informar-vos de les transfer\u00e8ncies internacionals a tercers pa\u00efsos en les pol\u00edtiques de cada prove\u00efdor.<\/p><hr data-start=\"5048\" data-end=\"5051\" \/><p data-start=\"5053\" data-end=\"5211\">PASSER MOVERS SL informa de manera m\u00e9s exhaustiva la informaci\u00f3 relativa a les transfer\u00e8ncies internacionals derivades de la utilitzaci\u00f3 de cookies pr\u00f2pies:<\/p><div class=\"_tableContainer_1rjym_1\"><div class=\"group _tableWrapper_1rjym_13 flex w-fit flex-col-reverse\" tabindex=\"-1\"><table class=\"w-fit min-w-(--thread-content-width)\" data-start=\"5213\" data-end=\"5360\"><thead data-start=\"5213\" data-end=\"5279\"><tr data-start=\"5213\" data-end=\"5279\"><th data-start=\"5213\" data-end=\"5223\" data-col-size=\"sm\">Titular<\/th><th data-start=\"5223\" data-end=\"5232\" data-col-size=\"sm\">Cookie<\/th><th data-start=\"5232\" data-end=\"5259\" data-col-size=\"sm\">Pa\u00eds de la transfer\u00e8ncia<\/th><th data-start=\"5259\" data-end=\"5279\" data-col-size=\"sm\">R\u00e8gim aplicat<\/th><\/tr><\/thead><tbody data-start=\"5347\" data-end=\"5360\"><tr data-start=\"5347\" data-end=\"5360\"><td data-start=\"5347\" data-end=\"5350\" data-col-size=\"sm\">\u00a0<\/td><td data-col-size=\"sm\" data-start=\"5350\" data-end=\"5353\">\u00a0<\/td><td data-col-size=\"sm\" data-start=\"5353\" data-end=\"5356\">\u00a0<\/td><td data-col-size=\"sm\" data-start=\"5356\" data-end=\"5360\">\u00a0<\/td><\/tr><\/tbody><\/table><\/div><\/div><hr data-start=\"5362\" data-end=\"5365\" \/><p data-start=\"5367\" data-end=\"5527\">Tingueu en compte que, si accepteu les galetes de tercers, les heu d&#039;eliminar des de les opcions del navegador o des del sistema ofert pel mateix tercer.<\/p><p data-start=\"5529\" data-end=\"5617\">A continuaci\u00f3, es proporcionen enlla\u00e7os de configuraci\u00f3 dels principals navegadors:<\/p><ul data-start=\"5619\" data-end=\"5703\"><li data-start=\"5619\" data-end=\"5630\"><p data-start=\"5621\" data-end=\"5630\">Firefox<\/p><\/li><li data-start=\"5631\" data-end=\"5641\"><p data-start=\"5633\" data-end=\"5641\">Chrome<\/p><\/li><li data-start=\"5642\" data-end=\"5663\"><p data-start=\"5644\" data-end=\"5663\">Internet Explorer<\/p><\/li><li data-start=\"5664\" data-end=\"5682\"><p data-start=\"5666\" data-end=\"5682\">Microsoft Edge<\/p><\/li><li data-start=\"5683\" data-end=\"5693\"><p data-start=\"5685\" data-end=\"5693\">Safari<\/p><\/li><li data-start=\"5694\" data-end=\"5703\"><p data-start=\"5696\" data-end=\"5703\">Opera<\/p><\/li><\/ul><p data-start=\"5705\" data-end=\"5846\">Per con\u00e8ixer m\u00e9s informaci\u00f3 sobre el tractament de dades personals, us recomanem visitar el nostre apartat <strong data-start=\"5817\" data-end=\"5845\">\u201cPol\u00edtica de Privadesa\u201d<\/strong>.<\/p><p data-start=\"5848\" data-end=\"5897\"><strong data-start=\"5848\" data-end=\"5897\">Darrera actualitzaci\u00f3: 2 de setembre de 2025<\/strong><\/p>\t\t\t\t\t\t\t\t<\/div>\n\t\t\t\t<\/div>\n\t\t\t\t\t<\/div>\n\t\t<\/div>\n\t\t\t\t\t<\/div>\n\t\t<\/section>\n\t\t\t\t<section class=\"elementor-section elementor-top-section elementor-element elementor-element-6f52379 elementor-section-boxed elementor-section-height-default elementor-section-height-default\" data-id=\"6f52379\" data-element_type=\"section\" data-settings=\"{&quot;background_background&quot;:&quot;classic&quot;,&quot;shape_divider_top&quot;:&quot;tilt&quot;,&quot;shape_divider_bottom&quot;:&quot;tilt&quot;}\">\n\t\t\t\t\t\t\t<div class=\"elementor-background-overlay\"><\/div>\n\t\t\t\t\t\t<div class=\"elementor-shape elementor-shape-top\" aria-hidden=\"true\" data-negative=\"false\">\n\t\t\t<svg xmlns=\"http:\/\/www.w3.org\/2000\/svg\" viewbox=\"0 0 1000 100\" preserveaspectratio=\"none\">\n\t<path class=\"elementor-shape-fill\" d=\"M0,6V0h1000v100L0,6z\"\/>\n<\/svg>\t\t<\/div>\n\t\t\t\t<div class=\"elementor-shape elementor-shape-bottom\" aria-hidden=\"true\" data-negative=\"false\">\n\t\t\t<svg xmlns=\"http:\/\/www.w3.org\/2000\/svg\" viewbox=\"0 0 1000 100\" preserveaspectratio=\"none\">\n\t<path class=\"elementor-shape-fill\" d=\"M0,6V0h1000v100L0,6z\"\/>\n<\/svg>\t\t<\/div>\n\t\t\t\t\t<div class=\"elementor-container elementor-column-gap-default\">\n\t\t\t\t\t<div class=\"elementor-column elementor-col-100 elementor-top-column elementor-element elementor-element-06dd610\" data-id=\"06dd610\" data-element_type=\"column\">\n\t\t\t<div class=\"elementor-widget-wrap elementor-element-populated\">\n\t\t\t\t\t\t<div class=\"elementor-element elementor-element-97fe51f elementor-widget elementor-widget-heading\" data-id=\"97fe51f\" data-element_type=\"widget\" data-widget_type=\"heading.default\">\n\t\t\t\t<div class=\"elementor-widget-container\">\n\t\t\t\t\t<h2 class=\"elementor-heading-title elementor-size-default\">Ets una empresa del sector i et podem ajudar?<\/h2>\t\t\t\t<\/div>\n\t\t\t\t<\/div>\n\t\t\t\t<div class=\"elementor-element elementor-element-7414387 elementor-widget elementor-widget-text-editor\" data-id=\"7414387\" data-element_type=\"widget\" data-widget_type=\"text-editor.default\">\n\t\t\t\t<div class=\"elementor-widget-container\">\n\t\t\t\t\t\t\t\t\t<p>A Passer sempre estem disposats a col\u00b7laborar<\/p>\t\t\t\t\t\t\t\t<\/div>\n\t\t\t\t<\/div>\n\t\t\t\t<div class=\"elementor-element elementor-element-c7e64a2 elementor-align-center elementor-widget elementor-widget-button\" data-id=\"c7e64a2\" data-element_type=\"widget\" data-widget_type=\"button.default\">\n\t\t\t\t<div class=\"elementor-widget-container\">\n\t\t\t\t\t\t\t\t\t<div class=\"elementor-button-wrapper\">\n\t\t\t\t\t<a class=\"elementor-button elementor-button-link elementor-size-sm elementor-animation-grow\" href=\"https:\/\/passermoving.com\/ca\/contacte\/\">\n\t\t\t\t\t\t<span class=\"elementor-button-content-wrapper\">\n\t\t\t\t\t\t\t\t\t<span class=\"elementor-button-text\">CONTACTA AMB NOSALTRES<\/span>\n\t\t\t\t\t<\/span>\n\t\t\t\t\t<\/a>\n\t\t\t\t<\/div>\n\t\t\t\t\t\t\t\t<\/div>\n\t\t\t\t<\/div>\n\t\t\t\t\t<\/div>\n\t\t<\/div>\n\t\t\t\t\t<\/div>\n\t\t<\/section>\n\t\t\t\t<section class=\"elementor-section elementor-top-section elementor-element elementor-element-83be2a3 elementor-section-boxed elementor-section-height-default elementor-section-height-default\" data-id=\"83be2a3\" data-element_type=\"section\">\n\t\t\t\t\t\t<div class=\"elementor-container elementor-column-gap-default\">\n\t\t\t\t\t<div class=\"elementor-column elementor-col-100 elementor-top-column elementor-element elementor-element-e227bad\" data-id=\"e227bad\" data-element_type=\"column\">\n\t\t\t<div class=\"elementor-widget-wrap elementor-element-populated\">\n\t\t\t\t\t\t<div class=\"elementor-element elementor-element-e7d3742 elementor-widget elementor-widget-spacer\" data-id=\"e7d3742\" data-element_type=\"widget\" data-widget_type=\"spacer.default\">\n\t\t\t\t<div class=\"elementor-widget-container\">\n\t\t\t\t\t\t\t<div class=\"elementor-spacer\">\n\t\t\t<div class=\"elementor-spacer-inner\"><\/div>\n\t\t<\/div>\n\t\t\t\t\t\t<\/div>\n\t\t\t\t<\/div>\n\t\t\t\t\t<\/div>\n\t\t<\/div>\n\t\t\t\t\t<\/div>\n\t\t<\/section>\n\t\t\t\t<\/div>","protected":false},"excerpt":{"rendered":"<p>PRIVACITAT Cl\u00e0usules legals Cookies Av\u00eds legal POL\u00cdTICA DE COOKIES 4.3. POL\u00cdTICA DE COOKIES PASSER MOVERS SL haur\u00e0 de facilitar als usuaris informaci\u00f3 clara i completa sobre la utilitzaci\u00f3 de cookies i, en particular, sobre les finalitats del tractament de les dades. A la pol\u00edtica de cookies s&#039;haur\u00e0 de facilitar a l&#039;usuari la informaci\u00f3 seg\u00fcent: Definici\u00f3 [\u2026]<\/p>","protected":false},"author":1,"featured_media":0,"parent":0,"menu_order":0,"comment_status":"closed","ping_status":"closed","template":"","meta":{"footnotes":""},"class_list":["post-8259","page","type-page","status-publish","hentry"],"_links":{"self":[{"href":"https:\/\/passermoving.com\/ca\/wp-json\/wp\/v2\/pages\/8259","targetHints":{"allow":["GET"]}}],"collection":[{"href":"https:\/\/passermoving.com\/ca\/wp-json\/wp\/v2\/pages"}],"about":[{"href":"https:\/\/passermoving.com\/ca\/wp-json\/wp\/v2\/types\/page"}],"author":[{"embeddable":true,"href":"https:\/\/passermoving.com\/ca\/wp-json\/wp\/v2\/users\/1"}],"replies":[{"embeddable":true,"href":"https:\/\/passermoving.com\/ca\/wp-json\/wp\/v2\/comments?post=8259"}],"version-history":[{"count":7,"href":"https:\/\/passermoving.com\/ca\/wp-json\/wp\/v2\/pages\/8259\/revisions"}],"predecessor-version":[{"id":8273,"href":"https:\/\/passermoving.com\/ca\/wp-json\/wp\/v2\/pages\/8259\/revisions\/8273"}],"wp:attachment":[{"href":"https:\/\/passermoving.com\/ca\/wp-json\/wp\/v2\/media?parent=8259"}],"curies":[{"name":"wp","href":"https:\/\/api.w.org\/{rel}","templated":true}]}}